{"id":27,"date":"2021-02-03T08:45:36","date_gmt":"2021-02-03T08:45:36","guid":{"rendered":"https:\/\/xn--schlsseldienst-misterprofi-1zc.de\/?page_id=27"},"modified":"2022-12-23T10:02:40","modified_gmt":"2022-12-23T10:02:40","slug":"kontakt","status":"publish","type":"page","link":"https:\/\/xn--schlsseldienst-misterprofi-1zc.de\/?page_id=27","title":{"rendered":"Kontakt"},"content":{"rendered":"<p>[et_pb_section fb_built=&#8221;1&#8243; next_background_color=&#8221;#ffffff&#8221; admin_label=&#8221;Hero&#8221; _builder_version=&#8221;4.8.2&#8243; use_background_color_gradient=&#8221;on&#8221; background_color_gradient_start=&#8221;rgba(255,255,255,0.23)&#8221; background_color_gradient_end=&#8221;rgba(0,0,0,0.3)&#8221; background_color_gradient_direction=&#8221;70deg&#8221; background_color_gradient_overlays_image=&#8221;on&#8221; background_image=&#8221;https:\/\/xn--schlsseldienst-misterprofi-1zc.de\/wp-content\/uploads\/2021\/02\/locksmith-29.jpg&#8221; custom_margin=&#8221;||3%|&#8221; custom_padding=&#8221;6vw|||&#8221; bottom_divider_style=&#8221;mountains2&#8243; bottom_divider_height=&#8221;20vw&#8221; bottom_divider_repeat=&#8221;0.5x&#8221; bottom_divider_flip=&#8221;horizontal|vertical&#8221;][et_pb_row _builder_version=&#8221;3.25&#8243; custom_margin=&#8221;|||&#8221; custom_padding=&#8221;27px|0px|0|0px|false|false&#8221;][et_pb_column type=&#8221;4_4&#8243; _builder_version=&#8221;3.25&#8243; custom_padding=&#8221;|||&#8221; custom_padding__hover=&#8221;|||&#8221;][et_pb_text _builder_version=&#8221;4.8.2&#8243; text_font=&#8221;||||||||&#8221; header_font=&#8221;Josefin Sans|700|||||||&#8221; header_font_size=&#8221;90px&#8221; header_line_height=&#8221;1.4em&#8221; header_2_font=&#8221;Josefin Sans|600|||||||&#8221; header_2_text_color=&#8221;#FFFFFF&#8221; header_2_font_size=&#8221;32px&#8221; header_2_line_height=&#8221;1.4em&#8221; background_layout=&#8221;dark&#8221; animation_style=&#8221;slide&#8221; animation_direction=&#8221;right&#8221; animation_intensity_slide=&#8221;4%&#8221; header_font_size_tablet=&#8221;50px&#8221; header_font_size_phone=&#8221;32px&#8221; header_font_size_last_edited=&#8221;on|desktop&#8221; header_2_font_size_tablet=&#8221;&#8221; header_2_font_size_phone=&#8221;24px&#8221; header_2_font_size_last_edited=&#8221;on|phone&#8221;]<\/p>\n<h1>Kontakt<\/h1>\n<h2>Wir freuen uns auf Ihre Nachricht<\/h2>\n<p>[\/et_pb_text][et_pb_text _builder_version=&#8221;4.8.2&#8243; text_font=&#8221;Open Sans|700|||||||&#8221; text_text_color=&#8221;#FFFFFF&#8221; text_font_size=&#8221;18px&#8221; text_line_height=&#8221;1.8em&#8221; custom_padding=&#8221;1px|||||&#8221; locked=&#8221;off&#8221;]<\/p>\n<p>Sie haben sich ausgesperrt? Oder m\u00f6chten sich \u00fcber moderne Sicherheits- und Schlie\u00dftechnik informieren?\u00a0<\/p>\n<p>Treten Sie unverbindlich mit uns in Kontakt. Wir beraten Sie ausf\u00fchrlich!\u00a0<\/p>\n<p>&nbsp;<\/p>\n<p>[\/et_pb_text][\/et_pb_column][\/et_pb_row][et_pb_row column_structure=&#8221;3_4,1_4&#8243; _builder_version=&#8221;4.8.2&#8243; width=&#8221;97%&#8221; max_width=&#8221;1137px&#8221; custom_margin=&#8221;50px|||&#8221; locked=&#8221;off&#8221;][et_pb_column type=&#8221;3_4&#8243; _builder_version=&#8221;3.25&#8243; custom_padding=&#8221;|||&#8221; custom_padding__hover=&#8221;|||&#8221;][et_pb_contact_form captcha=&#8221;off&#8221; email=&#8221;service@misterprofi.de&#8221; custom_message=&#8221;%%Vorname%%||et_pb_line_break_holder||%%Name%%||et_pb_line_break_holder||%%Telefonnummer%%||et_pb_line_break_holder||%%E-Mail%%||et_pb_line_break_holder||%%Ihre_Nachricht%%&#8221; module_id=&#8221;et_pb_contact_form_0&#8243; _builder_version=&#8221;4.8.2&#8243; form_field_text_color=&#8221;#93999b&#8221; form_field_font=&#8221;Open Sans||||||||&#8221; form_field_font_size=&#8221;15px&#8221; custom_button=&#8221;on&#8221; button_text_size=&#8221;22px&#8221; button_text_color=&#8221;#FFFFFF&#8221; button_bg_color=&#8221;#E02B20&#8243; button_border_width=&#8221;8px&#8221; button_border_color=&#8221;#E02B20&#8243; button_border_radius=&#8221;14px&#8221; button_letter_spacing=&#8221;0px&#8221; button_font=&#8221;Josefin Sans|700|||||||&#8221; button_text_size_phone=&#8221;20px&#8221; button_text_size_last_edited=&#8221;off|desktop&#8221;][et_pb_contact_field field_id=&#8221;Vorname&#8221; field_title=&#8221;Vorname&#8221; _builder_version=&#8221;4.8.2&#8243; button_text_size__hover_enabled=&#8221;off&#8221; button_one_text_size__hover_enabled=&#8221;off&#8221; button_two_text_size__hover_enabled=&#8221;off&#8221; button_text_color__hover_enabled=&#8221;off&#8221; button_one_text_color__hover_enabled=&#8221;off&#8221; button_two_text_color__hover_enabled=&#8221;off&#8221; button_border_width__hover_enabled=&#8221;off&#8221; button_one_border_width__hover_enabled=&#8221;off&#8221; button_two_border_width__hover_enabled=&#8221;off&#8221; button_border_color__hover_enabled=&#8221;off&#8221; button_one_border_color__hover_enabled=&#8221;off&#8221; button_two_border_color__hover_enabled=&#8221;off&#8221; button_border_radius__hover_enabled=&#8221;off&#8221; button_one_border_radius__hover_enabled=&#8221;off&#8221; button_two_border_radius__hover_enabled=&#8221;off&#8221; button_letter_spacing__hover_enabled=&#8221;off&#8221; button_one_letter_spacing__hover_enabled=&#8221;off&#8221; button_two_letter_spacing__hover_enabled=&#8221;off&#8221; button_bg_color__hover_enabled=&#8221;off&#8221; button_one_bg_color__hover_enabled=&#8221;off&#8221; button_two_bg_color__hover_enabled=&#8221;off&#8221;][\/et_pb_contact_field][et_pb_contact_field field_id=&#8221;Name&#8221; field_title=&#8221;Name&#8221; _builder_version=&#8221;3.16&#8243; button_text_size__hover_enabled=&#8221;off&#8221; button_one_text_size__hover_enabled=&#8221;off&#8221; button_two_text_size__hover_enabled=&#8221;off&#8221; button_text_color__hover_enabled=&#8221;off&#8221; button_one_text_color__hover_enabled=&#8221;off&#8221; button_two_text_color__hover_enabled=&#8221;off&#8221; button_border_width__hover_enabled=&#8221;off&#8221; button_one_border_width__hover_enabled=&#8221;off&#8221; button_two_border_width__hover_enabled=&#8221;off&#8221; button_border_color__hover_enabled=&#8221;off&#8221; button_one_border_color__hover_enabled=&#8221;off&#8221; button_two_border_color__hover_enabled=&#8221;off&#8221; button_border_radius__hover_enabled=&#8221;off&#8221; button_one_border_radius__hover_enabled=&#8221;off&#8221; button_two_border_radius__hover_enabled=&#8221;off&#8221; button_letter_spacing__hover_enabled=&#8221;off&#8221; button_one_letter_spacing__hover_enabled=&#8221;off&#8221; button_two_letter_spacing__hover_enabled=&#8221;off&#8221; button_bg_color__hover_enabled=&#8221;off&#8221; button_one_bg_color__hover_enabled=&#8221;off&#8221; button_two_bg_color__hover_enabled=&#8221;off&#8221;][\/et_pb_contact_field][et_pb_contact_field field_id=&#8221;Telefonnummer&#8221; field_title=&#8221;Telefonnummer&#8221; allowed_symbols=&#8221;numbers&#8221; _builder_version=&#8221;4.8.2&#8243; button_text_size__hover_enabled=&#8221;off&#8221; button_one_text_size__hover_enabled=&#8221;off&#8221; button_two_text_size__hover_enabled=&#8221;off&#8221; button_text_color__hover_enabled=&#8221;off&#8221; button_one_text_color__hover_enabled=&#8221;off&#8221; button_two_text_color__hover_enabled=&#8221;off&#8221; button_border_width__hover_enabled=&#8221;off&#8221; button_one_border_width__hover_enabled=&#8221;off&#8221; button_two_border_width__hover_enabled=&#8221;off&#8221; button_border_color__hover_enabled=&#8221;off&#8221; button_one_border_color__hover_enabled=&#8221;off&#8221; button_two_border_color__hover_enabled=&#8221;off&#8221; button_border_radius__hover_enabled=&#8221;off&#8221; button_one_border_radius__hover_enabled=&#8221;off&#8221; button_two_border_radius__hover_enabled=&#8221;off&#8221; button_letter_spacing__hover_enabled=&#8221;off&#8221; button_one_letter_spacing__hover_enabled=&#8221;off&#8221; button_two_letter_spacing__hover_enabled=&#8221;off&#8221; button_bg_color__hover_enabled=&#8221;off&#8221; button_one_bg_color__hover_enabled=&#8221;off&#8221; button_two_bg_color__hover_enabled=&#8221;off&#8221;][\/et_pb_contact_field][et_pb_contact_field field_id=&#8221;E-Mail&#8221; field_title=&#8221;E-Mail&#8221; field_type=&#8221;email&#8221; booleancheckbox_options=&#8221;%91{%22value%22:%22%22,%22checked%22:0,%22dragID%22:-1}%93&#8243; _builder_version=&#8221;4.8.2&#8243; button_text_size__hover_enabled=&#8221;off&#8221; button_one_text_size__hover_enabled=&#8221;off&#8221; button_two_text_size__hover_enabled=&#8221;off&#8221; button_text_color__hover_enabled=&#8221;off&#8221; button_one_text_color__hover_enabled=&#8221;off&#8221; button_two_text_color__hover_enabled=&#8221;off&#8221; button_border_width__hover_enabled=&#8221;off&#8221; button_one_border_width__hover_enabled=&#8221;off&#8221; button_two_border_width__hover_enabled=&#8221;off&#8221; button_border_color__hover_enabled=&#8221;off&#8221; button_one_border_color__hover_enabled=&#8221;off&#8221; button_two_border_color__hover_enabled=&#8221;off&#8221; button_border_radius__hover_enabled=&#8221;off&#8221; button_one_border_radius__hover_enabled=&#8221;off&#8221; button_two_border_radius__hover_enabled=&#8221;off&#8221; button_letter_spacing__hover_enabled=&#8221;off&#8221; button_one_letter_spacing__hover_enabled=&#8221;off&#8221; button_two_letter_spacing__hover_enabled=&#8221;off&#8221; button_bg_color__hover_enabled=&#8221;off&#8221; button_one_bg_color__hover_enabled=&#8221;off&#8221; button_two_bg_color__hover_enabled=&#8221;off&#8221;][\/et_pb_contact_field][et_pb_contact_field field_id=&#8221;Ihre_Nachricht&#8221; field_title=&#8221;Ihre Nachricht&#8221; field_type=&#8221;text&#8221; fullwidth_field=&#8221;on&#8221; _builder_version=&#8221;4.8.2&#8243; button_text_size__hover_enabled=&#8221;off&#8221; button_one_text_size__hover_enabled=&#8221;off&#8221; button_two_text_size__hover_enabled=&#8221;off&#8221; button_text_color__hover_enabled=&#8221;off&#8221; button_one_text_color__hover_enabled=&#8221;off&#8221; button_two_text_color__hover_enabled=&#8221;off&#8221; button_border_width__hover_enabled=&#8221;off&#8221; button_one_border_width__hover_enabled=&#8221;off&#8221; button_two_border_width__hover_enabled=&#8221;off&#8221; button_border_color__hover_enabled=&#8221;off&#8221; button_one_border_color__hover_enabled=&#8221;off&#8221; button_two_border_color__hover_enabled=&#8221;off&#8221; button_border_radius__hover_enabled=&#8221;off&#8221; button_one_border_radius__hover_enabled=&#8221;off&#8221; button_two_border_radius__hover_enabled=&#8221;off&#8221; button_letter_spacing__hover_enabled=&#8221;off&#8221; button_one_letter_spacing__hover_enabled=&#8221;off&#8221; button_two_letter_spacing__hover_enabled=&#8221;off&#8221; button_bg_color__hover_enabled=&#8221;off&#8221; button_one_bg_color__hover_enabled=&#8221;off&#8221; button_two_bg_color__hover_enabled=&#8221;off&#8221;][\/et_pb_contact_field][\/et_pb_contact_form][\/et_pb_column][et_pb_column type=&#8221;1_4&#8243; _builder_version=&#8221;3.25&#8243; custom_padding=&#8221;|||&#8221; custom_padding__hover=&#8221;|||&#8221;][et_pb_text _builder_version=&#8221;4.8.2&#8243; text_font=&#8221;Open Sans||||||||&#8221; text_font_size=&#8221;18px&#8221; text_line_height=&#8221;1.8em&#8221; link_font=&#8221;||||on||||&#8221; link_text_color=&#8221;#bdad9b&#8221; header_font=&#8221;||||||||&#8221; header_3_font=&#8221;Josefin Sans|600|||||||&#8221; header_3_text_color=&#8221;#E02B20&#8243; header_3_font_size=&#8221;24px&#8221; header_4_font=&#8221;||||||||&#8221; header_5_font=&#8221;||||||||&#8221; header_6_font=&#8221;||||||||&#8221; background_layout=&#8221;dark&#8221; custom_margin=&#8221;||40px|&#8221; locked=&#8221;off&#8221;]<\/p>\n<h3>Schl\u00fcsseldienst Mister Profi<\/h3>\n<p>Ahornweg 23<br \/>50226 Frechen<\/p>\n<p>[\/et_pb_text][et_pb_text admin_label=&#8221;Text&#8221; _builder_version=&#8221;4.8.2&#8243; text_font=&#8221;Open Sans||||||||&#8221; text_text_color=&#8221;#FFFFFF&#8221; text_font_size=&#8221;18px&#8221; text_line_height=&#8221;1.8em&#8221; link_font=&#8221;||||on||||&#8221; link_text_color=&#8221;#bdad9b&#8221; header_font=&#8221;Josefin Sans|600|||||||&#8221; header_text_color=&#8221;#f47a55&#8243; header_font_size=&#8221;24px&#8221; header_2_font=&#8221;Josefin Sans|600|||||||&#8221; header_2_text_color=&#8221;#f47a55&#8243; header_2_font_size=&#8221;24px&#8221; header_3_font=&#8221;Josefin Sans|600|||||||&#8221; header_3_text_color=&#8221;#E02B20&#8243; header_3_font_size=&#8221;24px&#8221; header_4_font=&#8221;Josefin Sans|600|||||||&#8221; header_4_text_color=&#8221;#f47a55&#8243; header_4_font_size=&#8221;24px&#8221; header_5_font=&#8221;Josefin Sans|600|||||||&#8221; header_5_text_color=&#8221;#f47a55&#8243; header_5_font_size=&#8221;24px&#8221; header_6_font=&#8221;Josefin Sans|600|||||||&#8221; header_6_text_color=&#8221;#f47a55&#8243; header_6_font_size=&#8221;24px&#8221; background_layout=&#8221;dark&#8221; custom_margin=&#8221;||40px|&#8221; locked=&#8221;off&#8221;]<\/p>\n<h3>Kontakt<\/h3>\n<p>service@misterprofi.de\u00a0<br \/>0163 95 76 977<br \/>0157 70 96 95 22<\/p>\n<p>AUCH WHATS APP!<\/p>\n<p>&nbsp;<\/p>\n<p>[\/et_pb_text][et_pb_text admin_label=&#8221;Text&#8221; _builder_version=&#8221;4.8.2&#8243; text_font=&#8221;Open Sans||||||||&#8221; text_font_size=&#8221;18px&#8221; text_line_height=&#8221;1.8em&#8221; link_font=&#8221;||||on||||&#8221; link_text_color=&#8221;#bdad9b&#8221; header_font=&#8221;Josefin Sans|600|||||||&#8221; header_text_color=&#8221;#f47a55&#8243; header_font_size=&#8221;24px&#8221; header_2_font=&#8221;Josefin Sans|600|||||||&#8221; header_2_text_color=&#8221;#f47a55&#8243; header_2_font_size=&#8221;24px&#8221; header_3_font=&#8221;Josefin Sans|600|||||||&#8221; header_3_text_color=&#8221;#E02B20&#8243; header_3_font_size=&#8221;24px&#8221; header_4_font=&#8221;Josefin Sans|600|||||||&#8221; header_4_text_color=&#8221;#f47a55&#8243; header_4_font_size=&#8221;24px&#8221; header_5_font=&#8221;Josefin Sans|600|||||||&#8221; header_5_text_color=&#8221;#f47a55&#8243; header_5_font_size=&#8221;24px&#8221; header_6_font=&#8221;Josefin Sans|600|||||||&#8221; header_6_text_color=&#8221;#f47a55&#8243; header_6_font_size=&#8221;24px&#8221; background_layout=&#8221;dark&#8221; custom_margin=&#8221;||40px|&#8221; locked=&#8221;off&#8221;]<\/p>\n<h3>\u00d6ffnungszeiten<\/h3>\n<p>24h ge\u00f6ffnet<br \/>Service: 24\/7<\/p>\n<p>[\/et_pb_text][\/et_pb_column][\/et_pb_row][et_pb_row use_custom_gutter=&#8221;on&#8221; gutter_width=&#8221;1&#8243; disabled_on=&#8221;on|off|off&#8221; module_class=&#8221; et_pb_row_fullwidth&#8221; _builder_version=&#8221;3.25&#8243; width=&#8221;100%&#8221; width_tablet=&#8221;100%&#8221; width_phone=&#8221;&#8221; width_last_edited=&#8221;on|desktop&#8221; max_width=&#8221;100%&#8221; max_width_tablet=&#8221;100%&#8221; max_width_phone=&#8221;&#8221; max_width_last_edited=&#8221;on|desktop&#8221; make_fullwidth=&#8221;on&#8221; locked=&#8221;off&#8221;][et_pb_column type=&#8221;4_4&#8243; _builder_version=&#8221;3.25&#8243; custom_padding=&#8221;|||&#8221; custom_padding__hover=&#8221;|||&#8221;][et_pb_text _builder_version=&#8221;4.8.2&#8243; text_font=&#8221;Josefin Sans|700||on|||||&#8221; text_text_color=&#8221;rgba(255,255,255,0.2)&#8221; text_font_size=&#8221;15vw&#8221; text_line_height=&#8221;1em&#8221; quote_font=&#8221;||||||||&#8221; header_font=&#8221;||||||||&#8221; custom_margin=&#8221;||-0.4em|&#8221; custom_padding=&#8221;|||&#8221; filter_blur=&#8221;7px&#8221; animation_style=&#8221;slide&#8221; animation_direction=&#8221;right&#8221; animation_duration=&#8221;10000ms&#8221; animation_intensity_slide=&#8221;10%&#8221; animation_starting_opacity=&#8221;40%&#8221; animation_speed_curve=&#8221;linear&#8221; text_font_size_tablet=&#8221;124px&#8221; text_font_size_phone=&#8221;90px&#8221; text_font_size_last_edited=&#8221;off|desktop&#8221;]<\/p>\n<p>Kontakt<\/p>\n<p>[\/et_pb_text][\/et_pb_column][\/et_pb_row][\/et_pb_section]<\/p>\n","protected":false},"excerpt":{"rendered":"<p>[et_pb_section fb_built=&#8221;1&#8243; next_background_color=&#8221;#ffffff&#8221; admin_label=&#8221;Hero&#8221; _builder_version=&#8221;4.8.2&#8243; use_background_color_gradient=&#8221;on&#8221; background_color_gradient_start=&#8221;rgba(255,255,255,0.23)&#8221; background_color_gradient_end=&#8221;rgba(0,0,0,0.3)&#8221; background_color_gradient_direction=&#8221;70deg&#8221; background_color_gradient_overlays_image=&#8221;on&#8221; background_image=&#8221;https:\/\/xn--schlsseldienst-misterprofi-1zc.de\/wp-content\/uploads\/2021\/02\/locksmith-29.jpg&#8221; custom_margin=&#8221;||3%|&#8221; custom_padding=&#8221;6vw|||&#8221; bottom_divider_style=&#8221;mountains2&#8243; bottom_divider_height=&#8221;20vw&#8221; bottom_divider_repeat=&#8221;0.5x&#8221; bottom_divider_flip=&#8221;horizontal|vertical&#8221;][et_pb_row _builder_version=&#8221;3.25&#8243; custom_margin=&#8221;|||&#8221; custom_padding=&#8221;27px|0px|0|0px|false|false&#8221;][et_pb_column type=&#8221;4_4&#8243; _builder_version=&#8221;3.25&#8243; custom_padding=&#8221;|||&#8221; custom_padding__hover=&#8221;|||&#8221;][et_pb_text _builder_version=&#8221;4.8.2&#8243; text_font=&#8221;||||||||&#8221; header_font=&#8221;Josefin Sans|700|||||||&#8221; header_font_size=&#8221;90px&#8221; header_line_height=&#8221;1.4em&#8221; header_2_font=&#8221;Josefin Sans|600|||||||&#8221; header_2_text_color=&#8221;#FFFFFF&#8221; header_2_font_size=&#8221;32px&#8221; header_2_line_height=&#8221;1.4em&#8221; background_layout=&#8221;dark&#8221; animation_style=&#8221;slide&#8221; animation_direction=&#8221;right&#8221; animation_intensity_slide=&#8221;4%&#8221; header_font_size_tablet=&#8221;50px&#8221; header_font_size_phone=&#8221;32px&#8221; header_font_size_last_edited=&#8221;on|desktop&#8221; header_2_font_size_tablet=&#8221;&#8221; header_2_font_size_phone=&#8221;24px&#8221; header_2_font_size_last_edited=&#8221;on|phone&#8221;] Kontakt Wir freuen uns auf Ihre Nachricht [\/et_pb_text][et_pb_text _builder_version=&#8221;4.8.2&#8243; text_font=&#8221;Open [&hellip;]<\/p>\n","protected":false},"author":1,"featured_media":0,"parent":0,"menu_order":0,"comment_status":"closed","ping_status":"closed","template":"","meta":{"_et_pb_use_builder":"on","_et_pb_old_content":"","_et_gb_content_width":""},"_links":{"self":[{"href":"https:\/\/xn--schlsseldienst-misterprofi-1zc.de\/index.php?rest_route=\/wp\/v2\/pages\/27"}],"collection":[{"href":"https:\/\/xn--schlsseldienst-misterprofi-1zc.de\/index.php?rest_route=\/wp\/v2\/pages"}],"about":[{"href":"https:\/\/xn--schlsseldienst-misterprofi-1zc.de\/index.php?rest_route=\/wp\/v2\/types\/page"}],"author":[{"embeddable":true,"href":"https:\/\/xn--schlsseldienst-misterprofi-1zc.de\/index.php?rest_route=\/wp\/v2\/users\/1"}],"replies":[{"embeddable":true,"href":"https:\/\/xn--schlsseldienst-misterprofi-1zc.de\/index.php?rest_route=%2Fwp%2Fv2%2Fcomments&post=27"}],"version-history":[{"count":27,"href":"https:\/\/xn--schlsseldienst-misterprofi-1zc.de\/index.php?rest_route=\/wp\/v2\/pages\/27\/revisions"}],"predecessor-version":[{"id":520,"href":"https:\/\/xn--schlsseldienst-misterprofi-1zc.de\/index.php?rest_route=\/wp\/v2\/pages\/27\/revisions\/520"}],"wp:attachment":[{"href":"https:\/\/xn--schlsseldienst-misterprofi-1zc.de\/index.php?rest_route=%2Fwp%2Fv2%2Fmedia&parent=27"}],"curies":[{"name":"wp","href":"https:\/\/api.w.org\/{rel}","templated":true}]}}